{"id":3321,"date":"2020-10-20T14:08:13","date_gmt":"2020-10-20T12:08:13","guid":{"rendered":"http:\/\/test.lilobeauty.pl\/akademia\/?page_id=3321"},"modified":"2021-02-22T12:55:29","modified_gmt":"2021-02-22T11:55:29","slug":"kursy-z-efs","status":"publish","type":"page","link":"https:\/\/lilobeauty.pl\/akademia\/kursy-z-efs\/","title":{"rendered":"Kursy z UE"},"content":{"rendered":"<div id=\"pl-3321\"  class=\"panel-layout\" ><div id=\"pg-3321-0\"  class=\"panel-grid panel-no-style\" ><div id=\"pgc-3321-0-0\"  class=\"panel-grid-cell\" ><div id=\"panel-3321-0-0-0\" class=\"so-panel widget widget_sow-editor panel-first-child panel-last-child\" data-index=\"0\" ><div\n\t\t\t\n\t\t\tclass=\"so-widget-sow-editor so-widget-sow-editor-base\"\n\t\t\t\n\t\t>\n<div class=\"siteorigin-widget-tinymce textwidget\">\n\t<p>Je\u015bli jeste\u015b zainteresowana\/y zdobyciem nowych kwalifikacji zawodowych w oparciu o kursy kosmetyczne wsp\u00f3\u0142finansowane ze \u015brodk\u00f3w Unii Europejskiej, mo\u017cesz ubiega\u0107 si\u0119 o nawet do 80 % dofinansowania na wybrane przez siebie szkolenia z oferty LILO Akademii.<\/p>\n<p>Regulamin szkole\u0144 PDF<\/p>\n<p>Kto mo\u017ce skorzysta\u0107 z dofinansowania?<\/p>\n<p>W\u0142a\u015bciciel firmy wraz jego wsp\u00f3lnicy.<br \/>\nOsoba zatrudniona w oparciu o umow\u0119 o prac\u0119.<br \/>\nOsoba \u015bwiadcz\u0105ca us\u0142ugi w oparciu o umow\u0119 zlecenia lub innego rodzaju umowy.<\/p>\n<p>Jak otrzyma\u0107 \u015brodki na kursy kosmetyczne z Naszej oferty?<\/p>\n<p>Zarejestruj sw\u00f3j profil w Bazie Us\u0142ug Rozwojowych.<br \/>\nUzupe\u0142nij niezb\u0119dne dane.<br \/>\nZaloguj si\u0119 na swoje konto.<br \/>\nSkontaktuj si\u0119 z naszym konsultantem do spraw dofinansowa\u0144, kt\u00f3ry pomo\u017ce Tobie dope\u0142ni\u0107 niezb\u0119dnych formalno\u015bci i wska\u017ce Operatora Agencj\u0119 Rozwoju Regionalnego. ZA DARMO<br \/>\nPodpisanie umowy wsparcia u Operatora w Agencji Rozwoju Regionalnego.<br \/>\nWybierz interesuj\u0105ce Ci\u0119 szkolenie w Bazie Us\u0142ug Rozwojowych i zapisz si\u0119 na us\u0142ug\u0119 szkoleniow\u0105 LILO Akademii.<\/p>\n<p>Baza Us\u0142ug Rozwojowych BUR<\/p>\n<p>Jest to bezp\u0142atna baza ofert szkoleniowych, kurs\u00f3w i szkole\u0144 zawodowych stworzony przez Polsk\u0105 Agencj\u0119 Rozwoju Przedsi\u0119biorczo\u015bci (PARP). Zrzesza ona wszystkie firmy szkoleniowe w Polsce, kt\u00f3re maj\u0105 pozytywn\u0105 akredytacje PARP na \u015bwiadczenie us\u0142ug szkoleniowych. Dzi\u0119ki czemu instytucje, osoby prywatne, firmy mog\u0105 rozwija\u0107 swoje kompetencje oraz realizowa\u0107 cele edukacyjne i biznesowe. W serwisie znajdziesz r\u00f3wnie\u017c nasze kursy kosmetyczne, terminy kurs\u00f3w ich ceny oraz szczeg\u00f3\u0142owe programy szkoleniowe.<\/p>\n<p>LILO Akademia to nowoczesna instytucja szkoleniowa z wieloletni\u0105 tradycj\u0105 i do\u015bwiadczeniem w prowadzeniu szkole\u0144 kosmetycznych.<\/p>\n<p>Nasz\u0105 kadr\u0119 trenersk\u0105 stanowi\u0105 sami profesjonali\u015bci.<\/p>\n<p>Po uko\u0144czonym szkoleniu pozostajemy z Tob\u0105 w nieustannym kontakcie.<\/p>\n<p>Nasze szkolenia opieraj\u0105 si\u0119 g\u0142\u00f3wnie na autorskich programach, 70% stanowi\u0105 zaj\u0119cia praktyczne.<\/p>\n<p>Jeste\u015bmy instytucj\u0105 szkoleniow\u0105 posiadamy certyfikat jako\u015bci ISO oraz wiele pozytywnych opinii naszych wychowank\u00f3w.<\/p>\n<p>W razie dalszych pyta\u0144 zwi\u0105zanych z dofinansowaniem do szkole\u0144 w LILO Akademii skontaktuj si\u0119 z naszym konsultantem lub odwied\u017a Nas w siedzibie firmy.<\/p>\n<p>Skontaktuj si\u0119 z Nami pozostajemy do Twojej dyspozycji.<\/p>\n<p>LILO Beauty<\/p>\n<p>ul. gen. J\u00f3zefa Sowi\u0144skiego 30a<\/p>\n<p>65-419 Zielona G\u00f3ra<\/p>\n<p>Dofinansowania +48 782 980 318<\/p>\n<p>Dzia\u0142 Szkole\u0144. +48 792-732-302<\/p>\n<p>biuro@lilobeauty.pl<\/p>\n<p>www.lilobeauty.pl<\/p>\n<\/div>\n<\/div><\/div><\/div><\/div><\/div>","protected":false},"excerpt":{"rendered":"<p>Je\u015bli jeste\u015b zainteresowana\/y zdobyciem nowych kwalifikacji zawodowych w oparciu o kursy kosmetyczne wsp\u00f3\u0142finansowane ze \u015brodk\u00f3w Unii Europejskiej, mo\u017cesz ubiega\u0107 si\u0119 o nawet do 80 % dofinansowania na wybrane przez siebie [&hellip;]<\/p>\n","protected":false},"author":123,"featured_media":0,"parent":0,"menu_order":0,"comment_status":"closed","ping_status":"closed","template":"","meta":{"footnotes":""},"class_list":["post-3321","page","type-page","status-publish","czr-hentry"],"yoast_head":"<!-- This site is optimized with the Yoast SEO plugin v25.8 - https:\/\/yoast.com\/wordpress\/plugins\/seo\/ -->\n<title>Kursy z UE - dofinansowanie na kursy dla przysz\u0142ych kosmetyczek<\/title>\n<meta name=\"description\" content=\"Kursy kosmetyczne - mo\u017cesz ubiega\u0107 si\u0119 o nawet do 80 % dofinansowania na wybrane przez siebie szkolenia z oferty LILO Akademii.\" \/>\n<meta name=\"robots\" content=\"index, follow, max-snippet:-1, max-image-preview:large, max-video-preview:-1\" \/>\n<link rel=\"canonical\" href=\"https:\/\/lilobeauty.pl\/akademia\/kursy-z-efs\/\" \/>\n<meta property=\"og:locale\" content=\"pl_PL\" \/>\n<meta property=\"og:type\" content=\"article\" \/>\n<meta property=\"og:title\" content=\"Kursy z UE - dofinansowanie na kursy dla przysz\u0142ych kosmetyczek\" \/>\n<meta property=\"og:description\" content=\"Kursy kosmetyczne - mo\u017cesz ubiega\u0107 si\u0119 o nawet do 80 % dofinansowania na wybrane przez siebie szkolenia z oferty LILO Akademii.\" \/>\n<meta property=\"og:url\" content=\"https:\/\/lilobeauty.pl\/akademia\/kursy-z-efs\/\" \/>\n<meta property=\"og:site_name\" content=\"Akademia\" \/>\n<meta property=\"article:publisher\" content=\"https:\/\/www.facebook.com\/LILOAkademia\" \/>\n<meta property=\"article:modified_time\" content=\"2021-02-22T11:55:29+00:00\" \/>\n<meta property=\"og:image\" content=\"https:\/\/lilobeauty.pl\/akademia\/wp-content\/uploads\/sites\/3\/2017\/12\/lilo_logo-academy-gray-square.png\" \/>\n\t<meta property=\"og:image:width\" content=\"408\" \/>\n\t<meta property=\"og:image:height\" content=\"408\" \/>\n\t<meta property=\"og:image:type\" content=\"image\/png\" \/>\n<meta name=\"twitter:card\" content=\"summary_large_image\" \/>\n<meta name=\"twitter:site\" content=\"@lilo_beauty\" \/>\n<meta name=\"twitter:label1\" content=\"Szacowany czas czytania\" \/>\n\t<meta name=\"twitter:data1\" content=\"2 minuty\" \/>\n<script type=\"application\/ld+json\" class=\"yoast-schema-graph\">{\"@context\":\"https:\/\/schema.org\",\"@graph\":[{\"@type\":\"WebPage\",\"@id\":\"https:\/\/lilobeauty.pl\/akademia\/kursy-z-efs\/\",\"url\":\"https:\/\/lilobeauty.pl\/akademia\/kursy-z-efs\/\",\"name\":\"Kursy z UE - dofinansowanie na kursy dla przysz\u0142ych kosmetyczek\",\"isPartOf\":{\"@id\":\"https:\/\/lilobeauty.pl\/akademia\/#website\"},\"datePublished\":\"2020-10-20T12:08:13+00:00\",\"dateModified\":\"2021-02-22T11:55:29+00:00\",\"description\":\"Kursy kosmetyczne - mo\u017cesz ubiega\u0107 si\u0119 o nawet do 80 % dofinansowania na wybrane przez siebie szkolenia z oferty LILO Akademii.\",\"breadcrumb\":{\"@id\":\"https:\/\/lilobeauty.pl\/akademia\/kursy-z-efs\/#breadcrumb\"},\"inLanguage\":\"pl-PL\",\"potentialAction\":[{\"@type\":\"ReadAction\",\"target\":[\"https:\/\/lilobeauty.pl\/akademia\/kursy-z-efs\/\"]}]},{\"@type\":\"BreadcrumbList\",\"@id\":\"https:\/\/lilobeauty.pl\/akademia\/kursy-z-efs\/#breadcrumb\",\"itemListElement\":[{\"@type\":\"ListItem\",\"position\":1,\"name\":\"Strona g\u0142\u00f3wna\",\"item\":\"https:\/\/lilobeauty.pl\/akademia\/\"},{\"@type\":\"ListItem\",\"position\":2,\"name\":\"Kursy z&nbsp;UE\"}]},{\"@type\":\"WebSite\",\"@id\":\"https:\/\/lilobeauty.pl\/akademia\/#website\",\"url\":\"https:\/\/lilobeauty.pl\/akademia\/\",\"name\":\"Akademia Lilo\",\"description\":\"Akademia Kosmetyczna Lilo\",\"publisher\":{\"@id\":\"https:\/\/lilobeauty.pl\/akademia\/#organization\"},\"potentialAction\":[{\"@type\":\"SearchAction\",\"target\":{\"@type\":\"EntryPoint\",\"urlTemplate\":\"https:\/\/lilobeauty.pl\/akademia\/?s={search_term_string}\"},\"query-input\":{\"@type\":\"PropertyValueSpecification\",\"valueRequired\":true,\"valueName\":\"search_term_string\"}}],\"inLanguage\":\"pl-PL\"},{\"@type\":\"Organization\",\"@id\":\"https:\/\/lilobeauty.pl\/akademia\/#organization\",\"name\":\"Akademia Lilo - szkolenia i kursy dla kosmetyczek\",\"url\":\"https:\/\/lilobeauty.pl\/akademia\/\",\"logo\":{\"@type\":\"ImageObject\",\"inLanguage\":\"pl-PL\",\"@id\":\"https:\/\/lilobeauty.pl\/akademia\/#\/schema\/logo\/image\/\",\"url\":\"https:\/\/lilobeauty.pl\/akademia\/wp-content\/uploads\/sites\/3\/2017\/12\/lilo_logo-academy-gray-square.png\",\"contentUrl\":\"https:\/\/lilobeauty.pl\/akademia\/wp-content\/uploads\/sites\/3\/2017\/12\/lilo_logo-academy-gray-square.png\",\"width\":408,\"height\":408,\"caption\":\"Akademia Lilo - szkolenia i kursy dla kosmetyczek\"},\"image\":{\"@id\":\"https:\/\/lilobeauty.pl\/akademia\/#\/schema\/logo\/image\/\"},\"sameAs\":[\"https:\/\/www.facebook.com\/LILOAkademia\",\"https:\/\/x.com\/lilo_beauty\",\"https:\/\/www.instagram.com\/lilo_academy\/\",\"https:\/\/pl.pinterest.com\/Lilobeauty\/\",\"https:\/\/www.youtube.com\/channel\/UCsmQgYWzOqbhmEI1q0fw6nA\/featured\"]}]}<\/script>\n<!-- \/ Yoast SEO plugin. -->","yoast_head_json":{"title":"Kursy z UE - dofinansowanie na kursy dla przysz\u0142ych kosmetyczek","description":"Kursy kosmetyczne - mo\u017cesz ubiega\u0107 si\u0119 o nawet do 80 % dofinansowania na wybrane przez siebie szkolenia z oferty LILO Akademii.","robots":{"index":"index","follow":"follow","max-snippet":"max-snippet:-1","max-image-preview":"max-image-preview:large","max-video-preview":"max-video-preview:-1"},"canonical":"https:\/\/lilobeauty.pl\/akademia\/kursy-z-efs\/","og_locale":"pl_PL","og_type":"article","og_title":"Kursy z UE - dofinansowanie na kursy dla przysz\u0142ych kosmetyczek","og_description":"Kursy kosmetyczne - mo\u017cesz ubiega\u0107 si\u0119 o nawet do 80 % dofinansowania na wybrane przez siebie szkolenia z oferty LILO Akademii.","og_url":"https:\/\/lilobeauty.pl\/akademia\/kursy-z-efs\/","og_site_name":"Akademia","article_publisher":"https:\/\/www.facebook.com\/LILOAkademia","article_modified_time":"2021-02-22T11:55:29+00:00","og_image":[{"width":408,"height":408,"url":"https:\/\/lilobeauty.pl\/akademia\/wp-content\/uploads\/sites\/3\/2017\/12\/lilo_logo-academy-gray-square.png","type":"image\/png"}],"twitter_card":"summary_large_image","twitter_site":"@lilo_beauty","twitter_misc":{"Szacowany czas czytania":"2 minuty"},"schema":{"@context":"https:\/\/schema.org","@graph":[{"@type":"WebPage","@id":"https:\/\/lilobeauty.pl\/akademia\/kursy-z-efs\/","url":"https:\/\/lilobeauty.pl\/akademia\/kursy-z-efs\/","name":"Kursy z UE - dofinansowanie na kursy dla przysz\u0142ych kosmetyczek","isPartOf":{"@id":"https:\/\/lilobeauty.pl\/akademia\/#website"},"datePublished":"2020-10-20T12:08:13+00:00","dateModified":"2021-02-22T11:55:29+00:00","description":"Kursy kosmetyczne - mo\u017cesz ubiega\u0107 si\u0119 o nawet do 80 % dofinansowania na wybrane przez siebie szkolenia z oferty LILO Akademii.","breadcrumb":{"@id":"https:\/\/lilobeauty.pl\/akademia\/kursy-z-efs\/#breadcrumb"},"inLanguage":"pl-PL","potentialAction":[{"@type":"ReadAction","target":["https:\/\/lilobeauty.pl\/akademia\/kursy-z-efs\/"]}]},{"@type":"BreadcrumbList","@id":"https:\/\/lilobeauty.pl\/akademia\/kursy-z-efs\/#breadcrumb","itemListElement":[{"@type":"ListItem","position":1,"name":"Strona g\u0142\u00f3wna","item":"https:\/\/lilobeauty.pl\/akademia\/"},{"@type":"ListItem","position":2,"name":"Kursy z&nbsp;UE"}]},{"@type":"WebSite","@id":"https:\/\/lilobeauty.pl\/akademia\/#website","url":"https:\/\/lilobeauty.pl\/akademia\/","name":"Akademia Lilo","description":"Akademia Kosmetyczna Lilo","publisher":{"@id":"https:\/\/lilobeauty.pl\/akademia\/#organization"},"potentialAction":[{"@type":"SearchAction","target":{"@type":"EntryPoint","urlTemplate":"https:\/\/lilobeauty.pl\/akademia\/?s={search_term_string}"},"query-input":{"@type":"PropertyValueSpecification","valueRequired":true,"valueName":"search_term_string"}}],"inLanguage":"pl-PL"},{"@type":"Organization","@id":"https:\/\/lilobeauty.pl\/akademia\/#organization","name":"Akademia Lilo - szkolenia i kursy dla kosmetyczek","url":"https:\/\/lilobeauty.pl\/akademia\/","logo":{"@type":"ImageObject","inLanguage":"pl-PL","@id":"https:\/\/lilobeauty.pl\/akademia\/#\/schema\/logo\/image\/","url":"https:\/\/lilobeauty.pl\/akademia\/wp-content\/uploads\/sites\/3\/2017\/12\/lilo_logo-academy-gray-square.png","contentUrl":"https:\/\/lilobeauty.pl\/akademia\/wp-content\/uploads\/sites\/3\/2017\/12\/lilo_logo-academy-gray-square.png","width":408,"height":408,"caption":"Akademia Lilo - szkolenia i kursy dla kosmetyczek"},"image":{"@id":"https:\/\/lilobeauty.pl\/akademia\/#\/schema\/logo\/image\/"},"sameAs":["https:\/\/www.facebook.com\/LILOAkademia","https:\/\/x.com\/lilo_beauty","https:\/\/www.instagram.com\/lilo_academy\/","https:\/\/pl.pinterest.com\/Lilobeauty\/","https:\/\/www.youtube.com\/channel\/UCsmQgYWzOqbhmEI1q0fw6nA\/featured"]}]}},"_links":{"self":[{"href":"https:\/\/lilobeauty.pl\/akademia\/wp-json\/wp\/v2\/pages\/3321","targetHints":{"allow":["GET"]}}],"collection":[{"href":"https:\/\/lilobeauty.pl\/akademia\/wp-json\/wp\/v2\/pages"}],"about":[{"href":"https:\/\/lilobeauty.pl\/akademia\/wp-json\/wp\/v2\/types\/page"}],"author":[{"embeddable":true,"href":"https:\/\/lilobeauty.pl\/akademia\/wp-json\/wp\/v2\/users\/123"}],"replies":[{"embeddable":true,"href":"https:\/\/lilobeauty.pl\/akademia\/wp-json\/wp\/v2\/comments?post=3321"}],"version-history":[{"count":5,"href":"https:\/\/lilobeauty.pl\/akademia\/wp-json\/wp\/v2\/pages\/3321\/revisions"}],"predecessor-version":[{"id":3621,"href":"https:\/\/lilobeauty.pl\/akademia\/wp-json\/wp\/v2\/pages\/3321\/revisions\/3621"}],"wp:attachment":[{"href":"https:\/\/lilobeauty.pl\/akademia\/wp-json\/wp\/v2\/media?parent=3321"}],"curies":[{"name":"wp","href":"https:\/\/api.w.org\/{rel}","templated":true}]}}