{"id":3360,"date":"2020-10-20T14:22:46","date_gmt":"2020-10-20T12:22:46","guid":{"rendered":"http:\/\/test.lilobeauty.pl\/akademia\/?page_id=3360"},"modified":"2021-04-19T09:56:48","modified_gmt":"2021-04-19T07:56:48","slug":"cennik-akademia","status":"publish","type":"page","link":"https:\/\/lilobeauty.pl\/akademia\/cennik-akademia\/","title":{"rendered":"Cennik"},"content":{"rendered":"<div id=\"pl-gb3360-69e353170c58a\"  class=\"panel-layout\" ><div id=\"pg-gb3360-69e353170c58a-0\"  class=\"panel-grid panel-no-style\" ><div id=\"pgc-gb3360-69e353170c58a-0-0\"  class=\"panel-grid-cell\" ><div id=\"panel-gb3360-69e353170c58a-0-0-0\" class=\"so-panel widget widget_sow-editor panel-first-child panel-last-child\" data-index=\"0\" ><div class=\"oferta panel-widget-style panel-widget-style-for-gb3360-69e353170c58a-0-0-0\" ><div\n\t\t\t\n\t\t\tclass=\"so-widget-sow-editor so-widget-sow-editor-base\"\n\t\t\t\n\t\t>\n<div class=\"siteorigin-widget-tinymce textwidget\">\n\t<table cellspacing=\"0\" cellpadding=\"2\">\n<thead>\n<tr>\n<th scope=\"col\">nazwa<\/th>\n<th scope=\"col\">grupowy<\/th>\n<th scope=\"col\">zadatek<\/th>\n<th scope=\"col\">indywidualny<\/th>\n<th scope=\"col\">godziny<\/th>\n<\/tr>\n<\/thead>\n<tbody>\n<tr>\n<th class=\"oko\">Zabiegi na twarz i cia\u0142o<\/th>\n<th colspan=\"4\" scope=\"col\"><\/th>\n<\/tr>\n<tr>\n<td class=\"uno\">Kurs BB Glow<\/td>\n<td>800 z\u0142<\/td>\n<td>200 z\u0142<\/td>\n<td>1000 z\u0142<\/td>\n<td>4<\/td>\n<\/tr>\n<tr>\n<th class=\"oko\">Przed\u0142u\u017canie i zag\u0119szczanie<br \/>\nrz\u0119s<\/th>\n<th colspan=\"4\" scope=\"col\"><\/th>\n<\/tr>\n<tr>\n<td class=\"uno\">Metoda 1:1<\/td>\n<td>800 z\u0142<\/td>\n<td>200 z\u0142<\/td>\n<td>1500 z\u0142<\/td>\n<td>8<\/td>\n<\/tr>\n<tr>\n<td class=\"uno\">Metoda 2D, 3D, Norka syberyjska<\/td>\n<td>1000 z\u0142<\/td>\n<td>200 z\u0142<\/td>\n<td>1500 z\u0142<\/td>\n<td>8<\/td>\n<\/tr>\n<tr>\n<td class=\"uno\">Metoda 1:1, 2D, 3D, Norka Syberyjska, Kim Kardashian Effect Gratis<\/td>\n<td>1300 z\u0142<\/td>\n<td>200 z\u0142<\/td>\n<td>2500 z\u0142<\/td>\n<td>16<\/td>\n<\/tr>\n<tr>\n<td class=\"uno\">Russian Style Volume<\/td>\n<td>1000 z\u0142<\/td>\n<td>200 z\u0142<\/td>\n<td>1500 z\u0142<\/td>\n<td>8<\/td>\n<\/tr>\n<tr>\n<td class=\"uno\">Zawodowy kurs stylizacji rz\u0119s, Kim Kardashian GRATIS<\/td>\n<td>1900 z\u0142<\/td>\n<td>200 z\u0142<\/td>\n<td>2500 z\u0142<\/td>\n<td>32<\/td>\n<\/tr>\n<tr>\n<td class=\"uno\">Metoda obj\u0119to\u015bciowa Kim Kardaschian Effect<\/td>\n<td>700 z\u0142<\/td>\n<td>200 z\u0142<\/td>\n<td>1500 z\u0142<\/td>\n<td>8<\/td>\n<\/tr>\n<tr>\n<td class=\"uno\">Warsztaty idealna k\u0119pka<\/td>\n<td>600 z\u0142<\/td>\n<td>200 z\u0142<\/td>\n<td>1000 z\u0142<\/td>\n<td>6<\/td>\n<\/tr>\n<tr>\n<td>Lifting i botox rz\u0119s &#8211; laminacja rz\u0119s<\/td>\n<td>800 z\u0142<\/td>\n<td>200 z\u0142<\/td>\n<td>1000 z\u0142<\/td>\n<td>6<\/td>\n<\/tr>\n<tr>\n<th class=\"oko\">Stylizacja paznokci<\/th>\n<th colspan=\"4\" scope=\"col\"><\/th>\n<\/tr>\n<tr>\n<td class=\"uno\">Manicure hybrydowy ze zdobieniami<\/td>\n<td>500 z\u0142<\/td>\n<td>200 z\u0142<\/td>\n<td>1000 z\u0142<\/td>\n<td>8<\/td>\n<\/tr>\n<tr>\n<td class=\"uno\">Manicure \u017celowy ze zdobieniami<\/td>\n<td>1000 z\u0142<\/td>\n<td>200 z\u0142<\/td>\n<td>1900 z\u0142<\/td>\n<td>16<\/td>\n<\/tr>\n<tr>\n<td class=\"uno\">Manicure akrylowy<\/td>\n<td>1000 z\u0142<\/td>\n<td>200 z\u0142<\/td>\n<td>1500 z\u0142<\/td>\n<td>8<\/td>\n<\/tr>\n<tr>\n<td class=\"uno\">Warsztaty ze zdobie\u0144<\/td>\n<td>&#8211;<\/td>\n<td>200 z\u0142<\/td>\n<td>1000 z\u0142<\/td>\n<td>5<\/td>\n<\/tr>\n<tr>\n<td class=\"uno\">Doszkolenie techniczne<\/td>\n<td>&#8211;<\/td>\n<td>200 z\u0142<\/td>\n<td>1000 z\u0142<\/td>\n<td>8<\/td>\n<\/tr>\n<tr>\n<td class=\"uno\">Kursy stylizacji paznokci, manicure hybrydowy, \u017celowy, zdobienia<\/td>\n<td>1500 z\u0142<\/td>\n<td>500 z\u0142<\/td>\n<td>2900 z\u0142<\/td>\n<td>32<\/td>\n<\/tr>\n<tr>\n<th class=\"oko\">Pedicure<\/th>\n<th colspan=\"4\" scope=\"col\"><\/th>\n<\/tr>\n<tr>\n<td class=\"uno\">Pedicure kosmetyczny<\/td>\n<td>800 z\u0142<\/td>\n<td>200 z\u0142<\/td>\n<td>1500 z\u0142<\/td>\n<td>8<\/td>\n<\/tr>\n<tr>\n<th class=\"oko\">Makija\u017c permanentny<\/th>\n<th colspan=\"4\" scope=\"col\"><\/th>\n<\/tr>\n<tr>\n<td class=\"uno\">Makija\u017c permanentny, podstawowy metoda ombre<\/td>\n<td>2900 z\u0142<\/td>\n<td>500 z\u0142<\/td>\n<td>&#8211;<\/td>\n<td>16<\/td>\n<\/tr>\n<tr>\n<td class=\"uno\">Kreski oczu<\/td>\n<td>1000 z\u0142<\/td>\n<td>500 z\u0142<\/td>\n<td>&#8211;<\/td>\n<td>8<\/td>\n<\/tr>\n<tr>\n<td class=\"uno\">Usta<\/td>\n<td>2000 z\u0142<\/td>\n<td>500 z\u0142<\/td>\n<td>&#8211;<\/td>\n<td>16<\/td>\n<\/tr>\n<tr>\n<th class=\"oko\">Depilacja<\/th>\n<th colspan=\"4\" scope=\"col\"><\/th>\n<\/tr>\n<tr>\n<td class=\"uno\">Depilacja cia\u0142a<\/td>\n<td>500 z\u0142<\/td>\n<td>200 z\u0142<\/td>\n<td>1000 z\u0142<\/td>\n<td>5<\/td>\n<\/tr>\n<tr>\n<th class=\"oko\">Wiza\u017c<\/th>\n<th colspan=\"4\" scope=\"col\"><\/th>\n<\/tr>\n<tr>\n<td class=\"uno\">Makija\u017c wieczorowy, \u015blubny<\/td>\n<td>1000 z\u0142<\/td>\n<td>500 z\u0142<\/td>\n<td>1500 z\u0142<\/td>\n<td>8<\/td>\n<\/tr>\n<tr>\n<td class=\"uno\">Makija\u017c kobiety dojrza\u0142ej &#8211; lady<\/td>\n<td>500 z\u0142<\/td>\n<td>200 z\u0142<\/td>\n<td>1000 z\u0142<\/td>\n<td>5<\/td>\n<\/tr>\n<tr>\n<td class=\"uno\">Makija\u017c glow<\/td>\n<td>500 z\u0142<\/td>\n<td>200 z\u0142<\/td>\n<td>1000 z\u0142<\/td>\n<td>5<\/td>\n<\/tr>\n<tr>\n<td class=\"uno\">Warsztaty: jak malowa\u0107 siebie?<\/td>\n<td>300 z\u0142<\/td>\n<td>200 z\u0142<\/td>\n<td>600 z\u0142<\/td>\n<td>4<\/td>\n<\/tr>\n<tr>\n<th class=\"oko\">Stylizacja brwi<\/th>\n<th colspan=\"4\" scope=\"col\"><\/th>\n<\/tr>\n<tr>\n<td class=\"uno\">Henna brwi i rz\u0119s wraz z regulacj\u0105<\/td>\n<td>500 z\u0142<\/td>\n<td>200 z\u0142<\/td>\n<td>1000 z\u0142<\/td>\n<td>5<\/td>\n<\/tr>\n<tr>\n<td class=\"uno\">Henna pudrowa wraz z architektur\u0105<\/td>\n<td>800 z\u0142<\/td>\n<td>200 z\u0142<\/td>\n<td>1500 z\u0142<\/td>\n<td>8<\/td>\n<\/tr>\n<tr>\n<td class=\"uno\">Laminacja Brwi<\/td>\n<td>800 z\u0142<\/td>\n<td>200 z\u0142<\/td>\n<td>1000 z\u0142<\/td>\n<td>5<\/td>\n<\/tr>\n<tr>\n<td class=\"uno\">Zawodowy kurs stylizacji brwi<\/td>\n<td>1900 z\u0142<\/td>\n<td>500 z\u0142<\/td>\n<td>2500 z\u0142<\/td>\n<td>32<\/td>\n<\/tr>\n<tr>\n<td class=\"uno\">Warsztaty nitkowania brwi<\/td>\n<td>500 z\u0142<\/td>\n<td>200 z\u0142<\/td>\n<td>1000 z\u0142<\/td>\n<td>5<\/td>\n<\/tr>\n<\/tbody>\n<\/table>\n<\/div>\n<\/div><\/div><\/div><\/div><\/div><\/div>\n\n\n<p><\/p>\n","protected":false},"excerpt":{"rendered":"<p>nazwa grupowy zadatek indywidualny godziny Zabiegi na twarz i cia\u0142o Kurs BB Glow 800 z\u0142 200 z\u0142 1000 z\u0142 4 Przed\u0142u\u017canie i zag\u0119szczanie rz\u0119s Metoda 1:1 800 z\u0142 200 z\u0142 [&hellip;]<\/p>\n","protected":false},"author":1,"featured_media":2659,"parent":0,"menu_order":0,"comment_status":"closed","ping_status":"closed","template":"","meta":{"footnotes":""},"class_list":["post-3360","page","type-page","status-publish","has-post-thumbnail","czr-hentry"],"yoast_head":"<!-- This site is optimized with the Yoast SEO plugin v25.8 - https:\/\/yoast.com\/wordpress\/plugins\/seo\/ -->\n<title>Cennik szkole\u0144 kosmetycznych - Akademia w Zielonej G\u00f3rze<\/title>\n<meta name=\"description\" content=\"Prowadzimy szkolenia i kursy kosmetyczne. Je\u017celi chcesz zosta\u0107 kosmetyczk\u0105, stylistk\u0105 paznokci, wiza\u017cystk\u0105, masa\u017cystk\u0105, zapraszamy!\" \/>\n<meta name=\"robots\" content=\"index, follow, max-snippet:-1, max-image-preview:large, max-video-preview:-1\" \/>\n<link rel=\"canonical\" href=\"https:\/\/lilobeauty.pl\/akademia\/cennik-akademia\/\" \/>\n<meta property=\"og:locale\" content=\"pl_PL\" \/>\n<meta property=\"og:type\" content=\"article\" \/>\n<meta property=\"og:title\" content=\"Cennik szkole\u0144 kosmetycznych - Akademia w Zielonej G\u00f3rze\" \/>\n<meta property=\"og:description\" content=\"Prowadzimy szkolenia i kursy kosmetyczne. Je\u017celi chcesz zosta\u0107 kosmetyczk\u0105, stylistk\u0105 paznokci, wiza\u017cystk\u0105, masa\u017cystk\u0105, zapraszamy!\" \/>\n<meta property=\"og:url\" content=\"https:\/\/lilobeauty.pl\/akademia\/cennik-akademia\/\" \/>\n<meta property=\"og:site_name\" content=\"Akademia\" \/>\n<meta property=\"article:publisher\" content=\"https:\/\/www.facebook.com\/LILOAkademia\" \/>\n<meta property=\"article:modified_time\" content=\"2021-04-19T07:56:48+00:00\" \/>\n<meta property=\"og:image\" content=\"https:\/\/lilobeauty.pl\/akademia\/wp-content\/uploads\/sites\/3\/2019\/09\/lilo-akademia-kursy-z-paznokci-zielona-gora.jpeg\" \/>\n\t<meta property=\"og:image:width\" content=\"1200\" \/>\n\t<meta property=\"og:image:height\" content=\"1600\" \/>\n\t<meta property=\"og:image:type\" content=\"image\/jpeg\" \/>\n<meta name=\"twitter:card\" content=\"summary_large_image\" \/>\n<meta name=\"twitter:site\" content=\"@lilo_beauty\" \/>\n<meta name=\"twitter:label1\" content=\"Szacowany czas czytania\" \/>\n\t<meta name=\"twitter:data1\" content=\"2 minuty\" \/>\n<script type=\"application\/ld+json\" class=\"yoast-schema-graph\">{\"@context\":\"https:\/\/schema.org\",\"@graph\":[{\"@type\":\"WebPage\",\"@id\":\"https:\/\/lilobeauty.pl\/akademia\/cennik-akademia\/\",\"url\":\"https:\/\/lilobeauty.pl\/akademia\/cennik-akademia\/\",\"name\":\"Cennik szkole\u0144 kosmetycznych - Akademia w Zielonej G\u00f3rze\",\"isPartOf\":{\"@id\":\"https:\/\/lilobeauty.pl\/akademia\/#website\"},\"primaryImageOfPage\":{\"@id\":\"https:\/\/lilobeauty.pl\/akademia\/cennik-akademia\/#primaryimage\"},\"image\":{\"@id\":\"https:\/\/lilobeauty.pl\/akademia\/cennik-akademia\/#primaryimage\"},\"thumbnailUrl\":\"https:\/\/lilobeauty.pl\/akademia\/wp-content\/uploads\/sites\/3\/2019\/09\/lilo-akademia-kursy-z-paznokci-zielona-gora.jpeg\",\"datePublished\":\"2020-10-20T12:22:46+00:00\",\"dateModified\":\"2021-04-19T07:56:48+00:00\",\"description\":\"Prowadzimy szkolenia i kursy kosmetyczne. Je\u017celi chcesz zosta\u0107 kosmetyczk\u0105, stylistk\u0105 paznokci, wiza\u017cystk\u0105, masa\u017cystk\u0105, zapraszamy!\",\"breadcrumb\":{\"@id\":\"https:\/\/lilobeauty.pl\/akademia\/cennik-akademia\/#breadcrumb\"},\"inLanguage\":\"pl-PL\",\"potentialAction\":[{\"@type\":\"ReadAction\",\"target\":[\"https:\/\/lilobeauty.pl\/akademia\/cennik-akademia\/\"]}]},{\"@type\":\"ImageObject\",\"inLanguage\":\"pl-PL\",\"@id\":\"https:\/\/lilobeauty.pl\/akademia\/cennik-akademia\/#primaryimage\",\"url\":\"https:\/\/lilobeauty.pl\/akademia\/wp-content\/uploads\/sites\/3\/2019\/09\/lilo-akademia-kursy-z-paznokci-zielona-gora.jpeg\",\"contentUrl\":\"https:\/\/lilobeauty.pl\/akademia\/wp-content\/uploads\/sites\/3\/2019\/09\/lilo-akademia-kursy-z-paznokci-zielona-gora.jpeg\",\"width\":1200,\"height\":1600,\"caption\":\"Kurs z paznokci\"},{\"@type\":\"BreadcrumbList\",\"@id\":\"https:\/\/lilobeauty.pl\/akademia\/cennik-akademia\/#breadcrumb\",\"itemListElement\":[{\"@type\":\"ListItem\",\"position\":1,\"name\":\"Strona g\u0142\u00f3wna\",\"item\":\"https:\/\/lilobeauty.pl\/akademia\/\"},{\"@type\":\"ListItem\",\"position\":2,\"name\":\"Cennik\"}]},{\"@type\":\"WebSite\",\"@id\":\"https:\/\/lilobeauty.pl\/akademia\/#website\",\"url\":\"https:\/\/lilobeauty.pl\/akademia\/\",\"name\":\"Akademia Lilo\",\"description\":\"Akademia Kosmetyczna Lilo\",\"publisher\":{\"@id\":\"https:\/\/lilobeauty.pl\/akademia\/#organization\"},\"potentialAction\":[{\"@type\":\"SearchAction\",\"target\":{\"@type\":\"EntryPoint\",\"urlTemplate\":\"https:\/\/lilobeauty.pl\/akademia\/?s={search_term_string}\"},\"query-input\":{\"@type\":\"PropertyValueSpecification\",\"valueRequired\":true,\"valueName\":\"search_term_string\"}}],\"inLanguage\":\"pl-PL\"},{\"@type\":\"Organization\",\"@id\":\"https:\/\/lilobeauty.pl\/akademia\/#organization\",\"name\":\"Akademia Lilo - szkolenia i kursy dla kosmetyczek\",\"url\":\"https:\/\/lilobeauty.pl\/akademia\/\",\"logo\":{\"@type\":\"ImageObject\",\"inLanguage\":\"pl-PL\",\"@id\":\"https:\/\/lilobeauty.pl\/akademia\/#\/schema\/logo\/image\/\",\"url\":\"https:\/\/lilobeauty.pl\/akademia\/wp-content\/uploads\/sites\/3\/2017\/12\/lilo_logo-academy-gray-square.png\",\"contentUrl\":\"https:\/\/lilobeauty.pl\/akademia\/wp-content\/uploads\/sites\/3\/2017\/12\/lilo_logo-academy-gray-square.png\",\"width\":408,\"height\":408,\"caption\":\"Akademia Lilo - szkolenia i kursy dla kosmetyczek\"},\"image\":{\"@id\":\"https:\/\/lilobeauty.pl\/akademia\/#\/schema\/logo\/image\/\"},\"sameAs\":[\"https:\/\/www.facebook.com\/LILOAkademia\",\"https:\/\/x.com\/lilo_beauty\",\"https:\/\/www.instagram.com\/lilo_academy\/\",\"https:\/\/pl.pinterest.com\/Lilobeauty\/\",\"https:\/\/www.youtube.com\/channel\/UCsmQgYWzOqbhmEI1q0fw6nA\/featured\"]}]}<\/script>\n<!-- \/ Yoast SEO plugin. -->","yoast_head_json":{"title":"Cennik szkole\u0144 kosmetycznych - Akademia w Zielonej G\u00f3rze","description":"Prowadzimy szkolenia i kursy kosmetyczne. Je\u017celi chcesz zosta\u0107 kosmetyczk\u0105, stylistk\u0105 paznokci, wiza\u017cystk\u0105, masa\u017cystk\u0105, zapraszamy!","robots":{"index":"index","follow":"follow","max-snippet":"max-snippet:-1","max-image-preview":"max-image-preview:large","max-video-preview":"max-video-preview:-1"},"canonical":"https:\/\/lilobeauty.pl\/akademia\/cennik-akademia\/","og_locale":"pl_PL","og_type":"article","og_title":"Cennik szkole\u0144 kosmetycznych - Akademia w Zielonej G\u00f3rze","og_description":"Prowadzimy szkolenia i kursy kosmetyczne. Je\u017celi chcesz zosta\u0107 kosmetyczk\u0105, stylistk\u0105 paznokci, wiza\u017cystk\u0105, masa\u017cystk\u0105, zapraszamy!","og_url":"https:\/\/lilobeauty.pl\/akademia\/cennik-akademia\/","og_site_name":"Akademia","article_publisher":"https:\/\/www.facebook.com\/LILOAkademia","article_modified_time":"2021-04-19T07:56:48+00:00","og_image":[{"width":1200,"height":1600,"url":"https:\/\/lilobeauty.pl\/akademia\/wp-content\/uploads\/sites\/3\/2019\/09\/lilo-akademia-kursy-z-paznokci-zielona-gora.jpeg","type":"image\/jpeg"}],"twitter_card":"summary_large_image","twitter_site":"@lilo_beauty","twitter_misc":{"Szacowany czas czytania":"2 minuty"},"schema":{"@context":"https:\/\/schema.org","@graph":[{"@type":"WebPage","@id":"https:\/\/lilobeauty.pl\/akademia\/cennik-akademia\/","url":"https:\/\/lilobeauty.pl\/akademia\/cennik-akademia\/","name":"Cennik szkole\u0144 kosmetycznych - Akademia w Zielonej G\u00f3rze","isPartOf":{"@id":"https:\/\/lilobeauty.pl\/akademia\/#website"},"primaryImageOfPage":{"@id":"https:\/\/lilobeauty.pl\/akademia\/cennik-akademia\/#primaryimage"},"image":{"@id":"https:\/\/lilobeauty.pl\/akademia\/cennik-akademia\/#primaryimage"},"thumbnailUrl":"https:\/\/lilobeauty.pl\/akademia\/wp-content\/uploads\/sites\/3\/2019\/09\/lilo-akademia-kursy-z-paznokci-zielona-gora.jpeg","datePublished":"2020-10-20T12:22:46+00:00","dateModified":"2021-04-19T07:56:48+00:00","description":"Prowadzimy szkolenia i kursy kosmetyczne. Je\u017celi chcesz zosta\u0107 kosmetyczk\u0105, stylistk\u0105 paznokci, wiza\u017cystk\u0105, masa\u017cystk\u0105, zapraszamy!","breadcrumb":{"@id":"https:\/\/lilobeauty.pl\/akademia\/cennik-akademia\/#breadcrumb"},"inLanguage":"pl-PL","potentialAction":[{"@type":"ReadAction","target":["https:\/\/lilobeauty.pl\/akademia\/cennik-akademia\/"]}]},{"@type":"ImageObject","inLanguage":"pl-PL","@id":"https:\/\/lilobeauty.pl\/akademia\/cennik-akademia\/#primaryimage","url":"https:\/\/lilobeauty.pl\/akademia\/wp-content\/uploads\/sites\/3\/2019\/09\/lilo-akademia-kursy-z-paznokci-zielona-gora.jpeg","contentUrl":"https:\/\/lilobeauty.pl\/akademia\/wp-content\/uploads\/sites\/3\/2019\/09\/lilo-akademia-kursy-z-paznokci-zielona-gora.jpeg","width":1200,"height":1600,"caption":"Kurs z paznokci"},{"@type":"BreadcrumbList","@id":"https:\/\/lilobeauty.pl\/akademia\/cennik-akademia\/#breadcrumb","itemListElement":[{"@type":"ListItem","position":1,"name":"Strona g\u0142\u00f3wna","item":"https:\/\/lilobeauty.pl\/akademia\/"},{"@type":"ListItem","position":2,"name":"Cennik"}]},{"@type":"WebSite","@id":"https:\/\/lilobeauty.pl\/akademia\/#website","url":"https:\/\/lilobeauty.pl\/akademia\/","name":"Akademia Lilo","description":"Akademia Kosmetyczna Lilo","publisher":{"@id":"https:\/\/lilobeauty.pl\/akademia\/#organization"},"potentialAction":[{"@type":"SearchAction","target":{"@type":"EntryPoint","urlTemplate":"https:\/\/lilobeauty.pl\/akademia\/?s={search_term_string}"},"query-input":{"@type":"PropertyValueSpecification","valueRequired":true,"valueName":"search_term_string"}}],"inLanguage":"pl-PL"},{"@type":"Organization","@id":"https:\/\/lilobeauty.pl\/akademia\/#organization","name":"Akademia Lilo - szkolenia i kursy dla kosmetyczek","url":"https:\/\/lilobeauty.pl\/akademia\/","logo":{"@type":"ImageObject","inLanguage":"pl-PL","@id":"https:\/\/lilobeauty.pl\/akademia\/#\/schema\/logo\/image\/","url":"https:\/\/lilobeauty.pl\/akademia\/wp-content\/uploads\/sites\/3\/2017\/12\/lilo_logo-academy-gray-square.png","contentUrl":"https:\/\/lilobeauty.pl\/akademia\/wp-content\/uploads\/sites\/3\/2017\/12\/lilo_logo-academy-gray-square.png","width":408,"height":408,"caption":"Akademia Lilo - szkolenia i kursy dla kosmetyczek"},"image":{"@id":"https:\/\/lilobeauty.pl\/akademia\/#\/schema\/logo\/image\/"},"sameAs":["https:\/\/www.facebook.com\/LILOAkademia","https:\/\/x.com\/lilo_beauty","https:\/\/www.instagram.com\/lilo_academy\/","https:\/\/pl.pinterest.com\/Lilobeauty\/","https:\/\/www.youtube.com\/channel\/UCsmQgYWzOqbhmEI1q0fw6nA\/featured"]}]}},"_links":{"self":[{"href":"https:\/\/lilobeauty.pl\/akademia\/wp-json\/wp\/v2\/pages\/3360","targetHints":{"allow":["GET"]}}],"collection":[{"href":"https:\/\/lilobeauty.pl\/akademia\/wp-json\/wp\/v2\/pages"}],"about":[{"href":"https:\/\/lilobeauty.pl\/akademia\/wp-json\/wp\/v2\/types\/page"}],"author":[{"embeddable":true,"href":"https:\/\/lilobeauty.pl\/akademia\/wp-json\/wp\/v2\/users\/1"}],"replies":[{"embeddable":true,"href":"https:\/\/lilobeauty.pl\/akademia\/wp-json\/wp\/v2\/comments?post=3360"}],"version-history":[{"count":13,"href":"https:\/\/lilobeauty.pl\/akademia\/wp-json\/wp\/v2\/pages\/3360\/revisions"}],"predecessor-version":[{"id":3914,"href":"https:\/\/lilobeauty.pl\/akademia\/wp-json\/wp\/v2\/pages\/3360\/revisions\/3914"}],"wp:featuredmedia":[{"embeddable":true,"href":"https:\/\/lilobeauty.pl\/akademia\/wp-json\/wp\/v2\/media\/2659"}],"wp:attachment":[{"href":"https:\/\/lilobeauty.pl\/akademia\/wp-json\/wp\/v2\/media?parent=3360"}],"curies":[{"name":"wp","href":"https:\/\/api.w.org\/{rel}","templated":true}]}}